{"id":10036,"date":"2025-02-28T09:12:22","date_gmt":"2025-02-28T02:12:22","guid":{"rendered":"https:\/\/knowledgebase.io.vn\/demo\/?page_id=10036"},"modified":"2026-04-23T09:11:19","modified_gmt":"2026-04-23T02:11:19","slug":"booking-room","status":"publish","type":"page","link":"https:\/\/knowledgebase.io.vn\/demo\/booking-room\/","title":{"rendered":"\u0110\u0103ng k\u00fd ph\u00f2ng"},"content":{"rendered":"\t\t<div data-elementor-type=\"wp-page\" data-elementor-id=\"10036\" class=\"elementor elementor-10036\" data-elementor-post-type=\"page\">\n\t\t\t\t\t\t<section class=\"elementor-section elementor-top-section elementor-element elementor-element-24245fa elementor-section-full_width elementor-section-content-middle elementor-reverse-mobile elementor-section-height-default elementor-section-height-default\" data-id=\"24245fa\" data-element_type=\"section\">\n\t\t\t\t\t\t<div class=\"elementor-container elementor-column-gap-default\">\n\t\t\t\t\t<div class=\"elementor-column elementor-col-50 elementor-top-column elementor-element elementor-element-d542b79\" data-id=\"d542b79\" data-element_type=\"column\" data-settings=\"{&quot;background_background&quot;:&quot;classic&quot;}\">\n\t\t\t<div class=\"elementor-widget-wrap\">\n\t\t\t\t\t\t\t<\/div>\n\t\t<\/div>\n\t\t\t\t<div class=\"elementor-column elementor-col-50 elementor-top-column elementor-element elementor-element-a0b4baa\" data-id=\"a0b4baa\" data-element_type=\"column\">\n\t\t\t<div class=\"elementor-widget-wrap\">\n\t\t\t\t\t\t\t<\/div>\n\t\t<\/div>\n\t\t\t\t\t<\/div>\n\t\t<\/section>\n\t\t\t\t<section class=\"elementor-section elementor-top-section elementor-element elementor-element-874da7f elementor-section-boxed elementor-section-height-default elementor-section-height-default\" data-id=\"874da7f\" data-element_type=\"section\">\n\t\t\t\t\t\t<div class=\"elementor-container elementor-column-gap-default\">\n\t\t\t\t\t<div class=\"elementor-column elementor-col-100 elementor-top-column elementor-element elementor-element-ef2a73c\" data-id=\"ef2a73c\" data-element_type=\"column\">\n\t\t\t<div class=\"elementor-widget-wrap elementor-element-populated\">\n\t\t\t\t\t\t<div class=\"elementor-element elementor-element-961d827 elementor-widget elementor-widget-heading\" data-id=\"961d827\" data-element_type=\"widget\" data-widget_type=\"heading.default\">\n\t\t\t\t<div class=\"elementor-widget-container\">\n\t\t\t\t\t<h2 class=\"elementor-heading-title elementor-size-default\">N\u1ed9i quy s\u1eed d\u1ee5ng<\/h2>\t\t\t\t<\/div>\n\t\t\t\t<\/div>\n\t\t\t\t\t<\/div>\n\t\t<\/div>\n\t\t\t\t\t<\/div>\n\t\t<\/section>\n\t\t\t\t<section class=\"elementor-section elementor-top-section elementor-element elementor-element-53bbeb7 elementor-section-boxed elementor-section-height-default elementor-section-height-default\" data-id=\"53bbeb7\" data-element_type=\"section\">\n\t\t\t\t\t\t<div class=\"elementor-container elementor-column-gap-default\">\n\t\t\t\t\t<div class=\"elementor-column elementor-col-100 elementor-top-column elementor-element elementor-element-a7ab9c8\" data-id=\"a7ab9c8\" data-element_type=\"column\">\n\t\t\t<div class=\"elementor-widget-wrap elementor-element-populated\">\n\t\t\t\t\t\t<div class=\"elementor-element elementor-element-c0c3c37 elementor-widget elementor-widget-accordion\" data-id=\"c0c3c37\" data-element_type=\"widget\" data-widget_type=\"accordion.default\">\n\t\t\t\t<div class=\"elementor-widget-container\">\n\t\t\t\t\t\t\t<div class=\"elementor-accordion\">\n\t\t\t\t\t\t\t<div class=\"elementor-accordion-item\">\n\t\t\t\t\t<div id=\"elementor-tab-title-2021\" class=\"elementor-tab-title\" data-tab=\"1\" role=\"button\" aria-controls=\"elementor-tab-content-2021\" aria-expanded=\"false\">\n\t\t\t\t\t\t\t\t\t\t\t\t\t<span class=\"elementor-accordion-icon elementor-accordion-icon-right\" aria-hidden=\"true\">\n\t\t\t\t\t\t\t\t\t\t\t\t\t\t\t<span class=\"elementor-accordion-icon-closed\"><i class=\"far fa-caret-square-down\"><\/i><\/span>\n\t\t\t\t\t\t\t\t<span class=\"elementor-accordion-icon-opened\"><i class=\"fas fa-caret-up\"><\/i><\/span>\n\t\t\t\t\t\t\t\t\t\t\t\t\t\t<\/span>\n\t\t\t\t\t\t\t\t\t\t\t\t<a class=\"elementor-accordion-title\" tabindex=\"0\">1. \u0110i\u1ec1u ki\u1ec7n, ti\u00eau chu\u1ea9n \u0111\u0103ng k\u00fd ph\u00f2ng<\/a>\n\t\t\t\t\t<\/div>\n\t\t\t\t\t<div id=\"elementor-tab-content-2021\" class=\"elementor-tab-content elementor-clearfix\" data-tab=\"1\" role=\"region\" aria-labelledby=\"elementor-tab-title-2021\"><ul><li><b>S\u1ed1 l\u01b0\u1ee3ng th\u00e0nh vi\u00ean:<\/b>\u00a0ph\u00f2ng h\u1ecdp nh\u00f3m d\u00e0nh cho c\u00e1c nh\u00f3m t\u1eeb 5 \u0111\u1ebfn 7 ng\u01b0\u1eddi.<\/li><li><b>Th\u1eddi l\u01b0\u1ee3ng s\u1eed d\u1ee5ng:<\/b> 2 gi\u1edd cho 1 phi\u00ean \u0111\u0103ng k\u00fd. M\u1ed7i ng\u00e0y \u0111\u0103ng k\u00fd 1 phi\u00ean.<\/li><li><b>M\u1ee5c \u0111\u00edch s\u1eed d\u1ee5ng: <\/b>s\u1eed d\u1ee5ng cho vi\u1ec7c h\u1ecdc t\u1eadp, nghi\u00ean c\u1ee9u theo nh\u00f3m. Nghi\u00eam c\u1ea5m h\u00ecnh th\u1ee9c gi\u1ea3i tr\u00ed, \u0111\u00f9a gi\u1ee1n.<\/li><li>\u0110i\u1ec1n \u0111\u00fang s\u1ed1 l\u01b0\u1ee3ng \u0111\u0103ng k\u00fd v\u00e0 chu\u1ea9n b\u1ecb th\u1ebb sinh vi\u00ean c\u00e1c th\u00e0nh vi\u00ean nh\u00f3m khi \u0111\u1ebfn nh\u1eadn ph\u00f2ng.<\/li><li>Ng\u01b0\u1eddi s\u1eed d\u1ee5ng ph\u1ea3i \u0111\u0103ng k\u00fd b\u1eb1ng t\u00e0i kho\u1ea3n email UFM \u0111\u1ec3 x\u00e9t duy\u1ec7t s\u1eed d\u1ee5ng ph\u00f2ng.<\/li><li>SV \u0111i\u1ec1n \u0111\u1ea7y \u0111\u1ee7 v\u00e0 ch\u00ednh x\u00e1c MSSV c\u1ee7a b\u1ea3n th\u00e2n v\u00e0 th\u00e0nh vi\u00ean s\u1eed d\u1ee5ng (V\u00ed d\u1ee5: 23880263, 23880264, 23880265)<\/li><\/ul><\/div>\n\t\t\t\t<\/div>\n\t\t\t\t\t\t\t<div class=\"elementor-accordion-item\">\n\t\t\t\t\t<div id=\"elementor-tab-title-2022\" class=\"elementor-tab-title\" data-tab=\"2\" role=\"button\" aria-controls=\"elementor-tab-content-2022\" aria-expanded=\"false\">\n\t\t\t\t\t\t\t\t\t\t\t\t\t<span class=\"elementor-accordion-icon elementor-accordion-icon-right\" aria-hidden=\"true\">\n\t\t\t\t\t\t\t\t\t\t\t\t\t\t\t<span class=\"elementor-accordion-icon-closed\"><i class=\"far fa-caret-square-down\"><\/i><\/span>\n\t\t\t\t\t\t\t\t<span class=\"elementor-accordion-icon-opened\"><i class=\"fas fa-caret-up\"><\/i><\/span>\n\t\t\t\t\t\t\t\t\t\t\t\t\t\t<\/span>\n\t\t\t\t\t\t\t\t\t\t\t\t<a class=\"elementor-accordion-title\" tabindex=\"0\">2. Y\u00eau c\u1ea7u khi s\u1eed d\u1ee5ng<\/a>\n\t\t\t\t\t<\/div>\n\t\t\t\t\t<div id=\"elementor-tab-content-2022\" class=\"elementor-tab-content elementor-clearfix\" data-tab=\"2\" role=\"region\" aria-labelledby=\"elementor-tab-title-2022\"><ul><li>Th\u1ea3o lu\u1eadn v\u1eeba \u0111\u1ee7, tr\u00e1nh \u1ed3n \u00e0o ph\u00f2ng b\u00ean c\u1ea1nh.<\/li><li>Gi\u1eef g\u00ecn v\u1ec7 sinh, b\u1ecf r\u00e1c \u0111\u00fang n\u01a1i quy \u0111\u1ecbnh.<\/li><li>Ng\u01b0\u1eddi s\u1eed d\u1ee5ng c\u00f3 tr\u00e1ch nhi\u1ec7m b\u1ea3o qu\u1ea3n c\u00e1c thi\u1ebft b\u1ecb trong ph\u00f2ng. N\u1ebfu ph\u00e1t hi\u1ec7n thi\u1ebft b\u1ecb h\u01b0 h\u1ecfng, vui l\u00f2ng b\u00e1o ngay cho c\u00e1n b\u1ed9 th\u01b0 vi\u1ec7n.<\/li><li>Kh\u00f4ng di chuy\u1ec3n ho\u1eb7c thay \u0111\u1ed5i v\u1ecb tr\u00ed c\u00e1c thi\u1ebft b\u1ecb trong ph\u00f2ng.<\/li><li>Kh\u00f4ng mang \u0111\u1ed3 \u0103n, th\u1ee9c u\u1ed1ng (tr\u1eeb n\u01b0\u1edbc u\u1ed1ng \u0111\u00f3ng chai) v\u00e0o ph\u00f2ng h\u1ecdp nh\u00f3m.<\/li><li>Kh\u00f4ng v\u1ebd b\u1eady, l\u00e0m h\u01b0 h\u1ea1i t\u00e0i s\u1ea3n trong ph\u00f2ng.<\/li><\/ul><\/div>\n\t\t\t\t<\/div>\n\t\t\t\t\t\t\t<div class=\"elementor-accordion-item\">\n\t\t\t\t\t<div id=\"elementor-tab-title-2023\" class=\"elementor-tab-title\" data-tab=\"3\" role=\"button\" aria-controls=\"elementor-tab-content-2023\" aria-expanded=\"false\">\n\t\t\t\t\t\t\t\t\t\t\t\t\t<span class=\"elementor-accordion-icon elementor-accordion-icon-right\" aria-hidden=\"true\">\n\t\t\t\t\t\t\t\t\t\t\t\t\t\t\t<span class=\"elementor-accordion-icon-closed\"><i class=\"far fa-caret-square-down\"><\/i><\/span>\n\t\t\t\t\t\t\t\t<span class=\"elementor-accordion-icon-opened\"><i class=\"fas fa-caret-up\"><\/i><\/span>\n\t\t\t\t\t\t\t\t\t\t\t\t\t\t<\/span>\n\t\t\t\t\t\t\t\t\t\t\t\t<a class=\"elementor-accordion-title\" tabindex=\"0\">3. Th\u1eddi gian ho\u1ea1t \u0111\u1ed9ng, \u0111\u1ed5i l\u1ecbch v\u00e0 h\u1ee7y \u0111\u0103ng k\u00fd<\/a>\n\t\t\t\t\t<\/div>\n\t\t\t\t\t<div id=\"elementor-tab-content-2023\" class=\"elementor-tab-content elementor-clearfix\" data-tab=\"3\" role=\"region\" aria-labelledby=\"elementor-tab-title-2023\"><ul><li>Ph\u00f2ng h\u1ecdp nh\u00f3m ho\u1ea1t \u0111\u1ed9ng theo th\u1eddi gian m\u1edf c\u1eeda c\u1ee7a th\u01b0 vi\u1ec7n. Trong tr\u01b0\u1eddng h\u1ee3p th\u01b0 vi\u1ec7n \u0111\u00f3ng c\u1eeda, h\u1ec7 th\u1ed1ng s\u1ebd t\u1ef1 \u0111i\u1ec1u ch\u1ec9nh \u0111\u1ec3 ng\u01b0\u1eddi d\u00f9ng kh\u00f4ng th\u1ec3 \u0111\u0103ng k\u00fd.<\/li><li>L\u01b0u \u00fd: H\u1ec7 th\u1ed1ng cho ph\u00e9p \u0111\u1eb7t tr\u01b0\u1edbc trong 24h. N\u1ebfu \u0111\u1eb7t tr\u01b0\u1edbc h\u01a1n s\u1ed1 gi\u1edd tr\u00ean th\u00ec kh\u00f4ng ch\u1ecdn \u0111\u01b0\u1ee3c ph\u00f2ng.<\/li><li>N\u1ebfu c\u00f2n ph\u00f2ng tr\u1ed1ng, b\u1ea1n c\u00f3 th\u1ec3 <b>\u0111\u1eb7t ph\u00f2ng tr\u01b0\u1edbc t\u1ed1i \u0111a 3 ng\u00e0y <\/b>v\u00e0 <b>mu\u1ed9n nh\u1ea5t l\u00e0 30 ph\u00fat<\/b> tr\u01b0\u1edbc th\u1eddi gian mong mu\u1ed1n.<\/li><li>B\u1ea1n c\u00f3 <b>h\u1ee7y ph\u00f2ng <\/b>tr\u01b0\u1edbc gi\u1edd \u0111\u0103ng k\u00fd <b>2 ti\u1ebfng<\/b>. Tr\u01b0\u1eddng h\u1ee3p \u0111\u0103ng k\u00fd nh\u01b0ng kh\u00f4ng \u0111\u1ebfn nh\u1eadn ph\u00f2ng s\u1ebd xem x\u00e9t kh\u1ea3 n\u0103ng s\u1eed d\u1ee5ng c\u00e1c d\u1ecbch v\u1ee5 th\u01b0 vi\u1ec7n.<\/li><\/ul><\/div>\n\t\t\t\t<\/div>\n\t\t\t\t\t\t\t<div class=\"elementor-accordion-item\">\n\t\t\t\t\t<div id=\"elementor-tab-title-2024\" class=\"elementor-tab-title\" data-tab=\"4\" role=\"button\" aria-controls=\"elementor-tab-content-2024\" aria-expanded=\"false\">\n\t\t\t\t\t\t\t\t\t\t\t\t\t<span class=\"elementor-accordion-icon elementor-accordion-icon-right\" aria-hidden=\"true\">\n\t\t\t\t\t\t\t\t\t\t\t\t\t\t\t<span class=\"elementor-accordion-icon-closed\"><i class=\"far fa-caret-square-down\"><\/i><\/span>\n\t\t\t\t\t\t\t\t<span class=\"elementor-accordion-icon-opened\"><i class=\"fas fa-caret-up\"><\/i><\/span>\n\t\t\t\t\t\t\t\t\t\t\t\t\t\t<\/span>\n\t\t\t\t\t\t\t\t\t\t\t\t<a class=\"elementor-accordion-title\" tabindex=\"0\">4. Ch\u00ednh s\u00e1ch b\u1ea3o m\u1eadt th\u00f4ng tin<\/a>\n\t\t\t\t\t<\/div>\n\t\t\t\t\t<div id=\"elementor-tab-content-2024\" class=\"elementor-tab-content elementor-clearfix\" data-tab=\"4\" role=\"region\" aria-labelledby=\"elementor-tab-title-2024\"><ul><li>Th\u01b0 vi\u1ec7n \u0111\u1ea3m b\u1ea3o tu\u00e2n theo Ngh\u1ecb \u0111\u1ecbnh 13\/2023\/N\u0110-CP b\u1ea3o v\u1ec7 d\u1eef li\u1ec7u c\u00e1 nh\u00e2n.<\/li><li>Khi \u0111\u0103ng k\u00fd d\u1ecbch v\u1ee5, vui l\u00f2ng \u0111\u1ecdc k\u0129 n\u1ed9i quy th\u01b0 vi\u1ec7n. Vi\u1ec7c \u0111\u0103ng k\u00fd l\u1ea7n \u0111\u1ea7u \u0111\u01b0\u1ee3c xem l\u00e0 \u0111\u1ed3ng \u00fd cho ph\u00e9p th\u01b0 vi\u1ec7n s\u1eed d\u1ee5ng d\u1eef li\u1ec7u c\u00e1 nh\u00e2n.<\/li><li>Th\u01b0 vi\u1ec7n ch\u1ec9 s\u1eed d\u1ee5ng th\u00f4ng tin c\u00e1 nh\u00e2n \u0111\u1ec3 x\u00e1c minh \u0111\u0103ng k\u00fd v\u00e0 cho m\u1ee5c \u0111\u00edch th\u1ed1ng k\u00ea d\u1ecbch v\u1ee5. Th\u00f4ng tin c\u1ee7a b\u1ea1n s\u1ebd \u0111\u01b0\u1ee3c \u0111\u1ea3m b\u1ea3o b\u1ea3o m\u1eadt v\u00e0 s\u1eed d\u1ee5ng \u0111\u00fang m\u1ee5c \u0111\u00edch.<\/li><li>\u0110\u1ec3 r\u00fat l\u1ea1i quy\u1ec1n \u0111\u1ed3ng \u00fd, vui l\u00f2ng th\u1ef1c hi\u1ec7n x\u00f3a t\u00e0i kho\u1ea3n.<\/li><\/ul><\/div>\n\t\t\t\t<\/div>\n\t\t\t\t\t\t\t<div class=\"elementor-accordion-item\">\n\t\t\t\t\t<div id=\"elementor-tab-title-2025\" class=\"elementor-tab-title\" data-tab=\"5\" role=\"button\" aria-controls=\"elementor-tab-content-2025\" aria-expanded=\"false\">\n\t\t\t\t\t\t\t\t\t\t\t\t\t<span class=\"elementor-accordion-icon elementor-accordion-icon-right\" aria-hidden=\"true\">\n\t\t\t\t\t\t\t\t\t\t\t\t\t\t\t<span class=\"elementor-accordion-icon-closed\"><i class=\"far fa-caret-square-down\"><\/i><\/span>\n\t\t\t\t\t\t\t\t<span class=\"elementor-accordion-icon-opened\"><i class=\"fas fa-caret-up\"><\/i><\/span>\n\t\t\t\t\t\t\t\t\t\t\t\t\t\t<\/span>\n\t\t\t\t\t\t\t\t\t\t\t\t<a class=\"elementor-accordion-title\" tabindex=\"0\">5. X\u1eed l\u00fd vi ph\u1ea1m<\/a>\n\t\t\t\t\t<\/div>\n\t\t\t\t\t<div id=\"elementor-tab-content-2025\" class=\"elementor-tab-content elementor-clearfix\" data-tab=\"5\" role=\"region\" aria-labelledby=\"elementor-tab-title-2025\"><p>Vi ph\u1ea1m n\u1ed9i quy c\u00f3 th\u1ec3 b\u1ecb c\u1ea5m s\u1eed d\u1ee5ng ph\u00f2ng. C\u00e1c h\u00e0nh vi ph\u00e1 ho\u1ea1i t\u00e0i s\u1ea3n s\u1ebd b\u1ecb x\u1eed l\u00fd theo quy \u0111\u1ecbnh c\u1ee7a nh\u00e0 tr\u01b0\u1eddng. UFM Library cam k\u1ebft h\u1ed7 tr\u1ee3 c\u00e1c b\u1ea1n c\u00f3 m\u00f4i tr\u01b0\u1eddng h\u1ecdc t\u1eadp t\u1ed1t nh\u1ea5t. H\u00e3y tu\u00e2n th\u1ee7 n\u1ed9i quy \u0111\u1ec3 \u0111\u1ea3m b\u1ea3o s\u1ef1 c\u00f4ng b\u1eb1ng cho t\u1ea5t c\u1ea3 m\u1ecdi ng\u01b0\u1eddi!<\/p><\/div>\n\t\t\t\t<\/div>\n\t\t\t\t\t\t\t\t<\/div>\n\t\t\t\t\t\t<\/div>\n\t\t\t\t<\/div>\n\t\t\t\t\t<\/div>\n\t\t<\/div>\n\t\t\t\t\t<\/div>\n\t\t<\/section>\n\t\t\t\t<section class=\"elementor-section elementor-top-section elementor-element elementor-element-0ed04d8 elementor-section-boxed elementor-section-height-default elementor-section-height-default\" data-id=\"0ed04d8\" data-element_type=\"section\">\n\t\t\t\t\t\t<div class=\"elementor-container elementor-column-gap-default\">\n\t\t\t\t\t<div class=\"elementor-column elementor-col-100 elementor-top-column elementor-element elementor-element-57c346c\" data-id=\"57c346c\" data-element_type=\"column\">\n\t\t\t<div class=\"elementor-widget-wrap elementor-element-populated\">\n\t\t\t\t\t\t<div class=\"elementor-element elementor-element-e003aac elementor-button-info elementor-align-center elementor-widget elementor-widget-button\" data-id=\"e003aac\" data-element_type=\"widget\" data-widget_type=\"button.default\">\n\t\t\t\t<div class=\"elementor-widget-container\">\n\t\t\t\t\t\t\t\t\t<div class=\"elementor-button-wrapper\">\n\t\t\t\t\t<a class=\"elementor-button elementor-button-link elementor-size-sm\" href=\"https:\/\/drive.google.com\/file\/d\/1Uzvg2VAu_AS-gRyHospHcNoPObdrr88R\/view\">\n\t\t\t\t\t\t<span class=\"elementor-button-content-wrapper\">\n\t\t\t\t\t\t\t\t\t<span class=\"elementor-button-text\">H\u01b0\u1edbng d\u1eabn s\u1eed d\u1ee5ng<\/span>\n\t\t\t\t\t<\/span>\n\t\t\t\t\t<\/a>\n\t\t\t\t<\/div>\n\t\t\t\t\t\t\t\t<\/div>\n\t\t\t\t<\/div>\n\t\t\t\t\t<\/div>\n\t\t<\/div>\n\t\t\t\t\t<\/div>\n\t\t<\/section>\n\t\t\t\t<section class=\"elementor-section elementor-top-section elementor-element elementor-element-b5a83f1 elementor-section-content-middle cauhoi elementor-section-boxed elementor-section-height-default elementor-section-height-default\" data-id=\"b5a83f1\" data-element_type=\"section\">\n\t\t\t\t\t\t<div class=\"elementor-container elementor-column-gap-default\">\n\t\t\t\t\t<div class=\"elementor-column elementor-col-33 elementor-top-column elementor-element elementor-element-af59c58\" data-id=\"af59c58\" data-element_type=\"column\">\n\t\t\t<div class=\"elementor-widget-wrap elementor-element-populated\">\n\t\t\t\t\t\t<div class=\"elementor-element elementor-element-e5fa615 elementor-widget elementor-widget-heading\" data-id=\"e5fa615\" data-element_type=\"widget\" data-widget_type=\"heading.default\">\n\t\t\t\t<div class=\"elementor-widget-container\">\n\t\t\t\t\t<h2 class=\"elementor-heading-title elementor-size-default\">B\u1ea1n ch\u01b0a c\u00f3 t\u00e0i kho\u1ea3n?<\/h2>\t\t\t\t<\/div>\n\t\t\t\t<\/div>\n\t\t\t\t\t<\/div>\n\t\t<\/div>\n\t\t\t\t<div class=\"elementor-column elementor-col-66 elementor-top-column elementor-element elementor-element-cf8ec53\" data-id=\"cf8ec53\" data-element_type=\"column\">\n\t\t\t<div class=\"elementor-widget-wrap elementor-element-populated\">\n\t\t\t\t\t\t<div class=\"elementor-element elementor-element-ccd4533 elementor-widget elementor-widget-spacer\" data-id=\"ccd4533\" data-element_type=\"widget\" data-widget_type=\"spacer.default\">\n\t\t\t\t<div class=\"elementor-widget-container\">\n\t\t\t\t\t\t\t<div class=\"elementor-spacer\">\n\t\t\t<div class=\"elementor-spacer-inner\"><\/div>\n\t\t<\/div>\n\t\t\t\t\t\t<\/div>\n\t\t\t\t<\/div>\n\t\t\t\t<div class=\"elementor-element elementor-element-69d5d79 elementor-widget elementor-widget-text-editor\" data-id=\"69d5d79\" data-element_type=\"widget\" data-widget_type=\"text-editor.default\">\n\t\t\t\t<div class=\"elementor-widget-container\">\n\t\t\t\t\t\t\t\t\t<p style=\"text-align: center;\">Th\u1ef1c hi\u1ec7n \u0111\u0103ng k\u00fd theo bi\u1ec3u m\u1eabu b\u00ean d\u01b0\u1edbi. Sau khi \u0111\u0103ng k\u00fd ph\u00f2ng th\u00e0nh c\u00f4ng, nh\u1ea5n v\u00e0o m\u1ee5c &#8220;T\u00e0i kho\u1ea3n&#8221; \u0111\u1ec3 ki\u1ec3m tra tr\u1ea1ng th\u00e1i \u0111\u1eb7t, h\u1ee7y ph\u00f2ng.\u00a0<\/p>\t\t\t\t\t\t\t\t<\/div>\n\t\t\t\t<\/div>\n\t\t\t\t\t<\/div>\n\t\t<\/div>\n\t\t\t\t\t<\/div>\n\t\t<\/section>\n\t\t\t\t<section class=\"elementor-section elementor-top-section elementor-element elementor-element-17fc854 elementor-section-boxed elementor-section-height-default elementor-section-height-default\" data-id=\"17fc854\" data-element_type=\"section\">\n\t\t\t\t\t\t<div class=\"elementor-container elementor-column-gap-default\">\n\t\t\t\t\t<div class=\"elementor-column elementor-col-100 elementor-top-column elementor-element elementor-element-1ae4194\" data-id=\"1ae4194\" data-element_type=\"column\">\n\t\t\t<div class=\"elementor-widget-wrap elementor-element-populated\">\n\t\t\t\t\t\t<div class=\"elementor-element elementor-element-d33b835 elementor-widget elementor-widget-shortcode\" data-id=\"d33b835\" data-element_type=\"widget\" data-widget_type=\"shortcode.default\">\n\t\t\t\t<div class=\"elementor-widget-container\">\n\t\t\t\t\t\t\t<div class=\"elementor-shortcode\"><div class=\"latepoint-book-form-wrapper os-loading os_init_booking_form\" id=\"latepointBookForm_69f2d7833bd4d\" >\n\t\t\t\t\t\t<div class=\"latepoint-w latepoint-inline-form latepoint-show-side-panel\">\n\t\t\t\t\t\t\t<div class=\"latepoint-booking-form-element\">\n\t\t\t\t\t\t\t\t<div class=\"latepoint-side-panel\"><\/div>\n\t\t\t\t\t\t\t\t<div class=\"latepoint-form-w\"><\/div>\n\t\t\t\t\t\t\t<\/div>\n\t\t\t\t\t\t<\/div>\n\t\t\t\t\t<\/div><\/div>\n\t\t\t\t\t\t<\/div>\n\t\t\t\t<\/div>\n\t\t\t\t\t<\/div>\n\t\t<\/div>\n\t\t\t\t\t<\/div>\n\t\t<\/section>\n\t\t\t\t<section class=\"elementor-section elementor-top-section elementor-element elementor-element-daccee6 elementor-section-boxed elementor-section-height-default elementor-section-height-default\" data-id=\"daccee6\" data-element_type=\"section\">\n\t\t\t\t\t\t<div class=\"elementor-container elementor-column-gap-default\">\n\t\t\t\t\t<div class=\"elementor-column elementor-col-100 elementor-top-column elementor-element elementor-element-d8c50e1\" data-id=\"d8c50e1\" data-element_type=\"column\">\n\t\t\t<div class=\"elementor-widget-wrap elementor-element-populated\">\n\t\t\t\t\t\t<div class=\"elementor-element elementor-element-c6d7bec elementor-widget elementor-widget-text-editor\" data-id=\"c6d7bec\" data-element_type=\"widget\" data-widget_type=\"text-editor.default\">\n\t\t\t\t<div class=\"elementor-widget-container\">\n\t\t\t\t\t\t\t\t\t<p>C\u1ea7n h\u1ed7 tr\u1ee3, vui l\u00f2ng li\u00ean h\u1ec7 Th\u01b0 vi\u1ec7n qua Fanpage: UFM Library ho\u1eb7c li\u00ean h\u1ec7 tr\u1ef1c ti\u1ebfp t\u1ea1i Qu\u1ea7y th\u00f4ng tin c\u00e1c c\u01a1 s\u1edf. UFM Library r\u1ea5t h\u00e2n h\u1ea1nh \u0111\u01b0\u1ee3c ph\u1ee5c v\u1ee5 b\u1ea1n.&nbsp;<\/p>\t\t\t\t\t\t\t\t<\/div>\n\t\t\t\t<\/div>\n\t\t\t\t\t<\/div>\n\t\t<\/div>\n\t\t\t\t\t<\/div>\n\t\t<\/section>\n\t\t\t\t<section class=\"elementor-section elementor-top-section elementor-element elementor-element-f6182c2 elementor-section-boxed elementor-section-height-default elementor-section-height-default\" data-id=\"f6182c2\" data-element_type=\"section\">\n\t\t\t\t\t\t<div class=\"elementor-container elementor-column-gap-default\">\n\t\t\t\t\t<div class=\"elementor-column elementor-col-100 elementor-top-column elementor-element elementor-element-4eb3ad2\" data-id=\"4eb3ad2\" data-element_type=\"column\">\n\t\t\t<div class=\"elementor-widget-wrap elementor-element-populated\">\n\t\t\t\t\t\t<div class=\"elementor-element elementor-element-e7a47bb elementor-widget elementor-widget-html\" data-id=\"e7a47bb\" data-element_type=\"widget\" data-widget_type=\"html.default\">\n\t\t\t\t<div class=\"elementor-widget-container\">\n\t\t\t\t\t<script>\r\ndocument.addEventListener(\"DOMContentLoaded\", function () {\r\n  const confirmed = sessionStorage.getItem(\"ufm_confirmed\");\r\n\r\n  if (!confirmed) {\r\n    const message =\r\n      \"\u26a0\ufe0f Th\u00f4ng b\u00e1o:\\n\\n\" +\r\n      \"Sinh vi\u00ean b\u1eaft bu\u1ed9c nh\u1eadp \u0111\u00fang email (@sv.ufm.edu.vn) v\u00e0 c\u00e1c th\u00f4ng tin c\u00e1 nh\u00e2n kh\u00e1c \u0111\u1ec3 \u0111\u01b0\u1ee3c duy\u1ec7t \u0111\u0103ng k\u00fd.\\n\\n\" +\r\n      \"L\u01b0u \u00fd: H\u1ec7 th\u1ed1ng cho ph\u00e9p \u0111\u1eb7t tr\u01b0\u1edbc trong 24h. N\u1ebfu \u0111\u1eb7t tr\u01b0\u1edbc h\u01a1n s\u1ed1 gi\u1edd tr\u00ean th\u00ec kh\u00f4ng ch\u1ecdn \u0111\u01b0\u1ee3c ph\u00f2ng.\\n\\n\" +\r\n      \"Nh\u1ea5n OK \u0111\u1ec3 ti\u1ebfp t\u1ee5c.\";\r\n\r\n    if (confirm(message)) {\r\n      sessionStorage.setItem(\"ufm_confirmed\", \"true\");\r\n    } else {\r\n      \/\/ N\u1ebfu nh\u1ea5n Cancel, quay l\u1ea1i trang tr\u01b0\u1edbc ho\u1eb7c \u0111\u00f3ng tab\r\n      window.history.back();\r\n    }\r\n  }\r\n});\r\n<\/script>\t\t\t\t<\/div>\n\t\t\t\t<\/div>\n\t\t\t\t\t<\/div>\n\t\t<\/div>\n\t\t\t\t\t<\/div>\n\t\t<\/section>\n\t\t\t\t<section class=\"elementor-section elementor-top-section elementor-element elementor-element-4501052 elementor-section-boxed elementor-section-height-default elementor-section-height-default\" data-id=\"4501052\" data-element_type=\"section\">\n\t\t\t\t\t\t<div class=\"elementor-container elementor-column-gap-default\">\n\t\t\t\t\t<div class=\"elementor-column elementor-col-100 elementor-top-column elementor-element elementor-element-eb82247\" data-id=\"eb82247\" data-element_type=\"column\">\n\t\t\t<div class=\"elementor-widget-wrap\">\n\t\t\t\t\t\t\t<\/div>\n\t\t<\/div>\n\t\t\t\t\t<\/div>\n\t\t<\/section>\n\t\t\t\t<\/div>\n\t\t","protected":false},"excerpt":{"rendered":"<p>N\u1ed9i quy s\u1eed d\u1ee5ng 1. \u0110i\u1ec1u ki\u1ec7n, ti\u00eau chu\u1ea9n \u0111\u0103ng k\u00fd ph\u00f2ng S\u1ed1 l\u01b0\u1ee3ng th\u00e0nh vi\u00ean:\u00a0ph\u00f2ng h\u1ecdp nh\u00f3m d\u00e0nh cho c\u00e1c nh\u00f3m t\u1eeb 5 \u0111\u1ebfn 7 ng\u01b0\u1eddi. Th\u1eddi l\u01b0\u1ee3ng s\u1eed d\u1ee5ng: 2 gi\u1edd cho 1 phi\u00ean \u0111\u0103ng k\u00fd. M\u1ed7i ng\u00e0y \u0111\u0103ng k\u00fd 1 phi\u00ean. M\u1ee5c \u0111\u00edch s\u1eed d\u1ee5ng: s\u1eed d\u1ee5ng cho vi\u1ec7c h\u1ecdc t\u1eadp, nghi\u00ean [&hellip;]<\/p>\n","protected":false},"author":1,"featured_media":0,"parent":0,"menu_order":0,"comment_status":"closed","ping_status":"closed","template":"elementor_header_footer","meta":{"_acf_changed":false,"_bbp_topic_count":0,"_bbp_reply_count":0,"_bbp_total_topic_count":0,"_bbp_total_reply_count":0,"_bbp_voice_count":0,"_bbp_anonymous_reply_count":0,"_bbp_topic_count_hidden":0,"_bbp_reply_count_hidden":0,"_bbp_forum_subforum_count":0,"footnotes":""},"class_list":["post-10036","page","type-page","status-publish","hentry","no-post-thumbnail"],"acf":[],"_links":{"self":[{"href":"https:\/\/knowledgebase.io.vn\/demo\/wp-json\/wp\/v2\/pages\/10036","targetHints":{"allow":["GET"]}}],"collection":[{"href":"https:\/\/knowledgebase.io.vn\/demo\/wp-json\/wp\/v2\/pages"}],"about":[{"href":"https:\/\/knowledgebase.io.vn\/demo\/wp-json\/wp\/v2\/types\/page"}],"author":[{"embeddable":true,"href":"https:\/\/knowledgebase.io.vn\/demo\/wp-json\/wp\/v2\/users\/1"}],"replies":[{"embeddable":true,"href":"https:\/\/knowledgebase.io.vn\/demo\/wp-json\/wp\/v2\/comments?post=10036"}],"version-history":[{"count":58,"href":"https:\/\/knowledgebase.io.vn\/demo\/wp-json\/wp\/v2\/pages\/10036\/revisions"}],"predecessor-version":[{"id":10207,"href":"https:\/\/knowledgebase.io.vn\/demo\/wp-json\/wp\/v2\/pages\/10036\/revisions\/10207"}],"wp:attachment":[{"href":"https:\/\/knowledgebase.io.vn\/demo\/wp-json\/wp\/v2\/media?parent=10036"}],"curies":[{"name":"wp","href":"https:\/\/api.w.org\/{rel}","templated":true}]}}