{"id":9591,"date":"2024-08-25T14:50:22","date_gmt":"2024-08-25T07:50:22","guid":{"rendered":"https:\/\/knowledgebase.io.vn\/demo\/?page_id=9591"},"modified":"2024-08-25T15:09:44","modified_gmt":"2024-08-25T08:09:44","slug":"ve-ufm-library","status":"publish","type":"page","link":"https:\/\/knowledgebase.io.vn\/demo\/ve-ufm-library\/","title":{"rendered":"V\u1ec1 UFM Library"},"content":{"rendered":"\t\t<div data-elementor-type=\"wp-page\" data-elementor-id=\"9591\" class=\"elementor elementor-9591\" data-elementor-post-type=\"page\">\n\t\t\t\t\t\t<section class=\"elementor-section elementor-top-section elementor-element elementor-element-c22ef3a elementor-section-boxed elementor-section-height-default elementor-section-height-default\" data-id=\"c22ef3a\" data-element_type=\"section\">\n\t\t\t\t\t\t<div class=\"elementor-container elementor-column-gap-default\">\n\t\t\t\t\t<div class=\"elementor-column elementor-col-50 elementor-top-column elementor-element elementor-element-7d84ac0\" data-id=\"7d84ac0\" data-element_type=\"column\">\n\t\t\t<div class=\"elementor-widget-wrap elementor-element-populated\">\n\t\t\t\t\t\t<div class=\"elementor-element elementor-element-d25da99 elementor-widget elementor-widget-text-editor\" data-id=\"d25da99\" data-element_type=\"widget\" data-widget_type=\"text-editor.default\">\n\t\t\t\t<div class=\"elementor-widget-container\">\n\t\t\t\t\t\t\t\t\t<p><strong>UFM Library<\/strong> l\u00e0 <strong>tr\u00e1i tim<\/strong> c\u1ee7a Tr\u01b0\u1eddng trong vi\u1ec7c cung c\u1ea5p cho ng\u01b0\u1eddi d\u00f9ng quy\u1ec1n truy c\u1eadp v\u00e0o c\u00e1c d\u1ecbch v\u1ee5 s\u00e1ng t\u1ea1o, ngu\u1ed3n th\u00f4ng tin phong ph\u00fa v\u00e0 c\u00e1c ti\u1ec7n \u00edch ti\u00ean ti\u1ebfn \u0111\u1ec3 n\u00e2ng cao n\u0103ng l\u1ef1c h\u1ecdc t\u1eadp, gi\u1ea3ng d\u1ea1y v\u00e0 nghi\u00ean c\u1ee9u c\u1ee7a Tr\u01b0\u1eddng.<\/p><p>Th\u01b0 vi\u1ec7n s\u1ebd l\u00e0 m\u00f4 h\u00ecnh ti\u00ean ti\u1ebfn nh\u1ea5t t\u1ea1i Vi\u1ec7t Nam v\u1edbi nhi\u1ec1u thi\u1ebft b\u1ecb v\u00e0 khu v\u1ef1c h\u1ecdc t\u1eadp hi\u1ec7n \u0111\u1ea1i, \u0111\u01b0\u1ee3c thi\u1ebft k\u1ebf ph\u00f9 h\u1ee3p v\u1edbi c\u00e1c y\u00eau c\u1ea7u \u0111a m\u1ee5c \u0111\u00edch v\u00e0 phong c\u00e1ch h\u1ecdc t\u1eadp. \u0110\u1ed9i ng\u0169 nh\u00e2n vi\u00ean gi\u00e0u kinh nghi\u1ec7m v\u00e0 tr\u00ecnh \u0111\u1ed9 c\u1ee7a ch\u00fang t\u00f4i lu\u00f4n s\u1eb5n s\u00e0ng cung c\u1ea5p c\u00e1c d\u1ecbch v\u1ee5 t\u1ed1t nh\u1ea5t cho b\u1ea1n.<\/p><p>S\u1ee9 m\u1ec7nh bao qu\u00e1t c\u1ee7a ch\u00fang t\u00f4i l\u00e0 cung c\u1ea5p c\u00e1c ngu\u1ed3n l\u1ef1c v\u00e0 d\u1ecbch v\u1ee5 cho ng\u01b0\u1eddi d\u00f9ng UFM \u0111\u1ec3 h\u1ecd c\u00f3 th\u1ec3 h\u1ecdc t\u1eadp su\u1ed1t \u0111\u1eddi c\u0169ng nh\u01b0 cho c\u1ed9ng \u0111\u1ed3ng khi c\u00f3 nhu c\u1ea7u.<\/p><p><strong>Gi\u00e1 tr\u1ecb c\u1ed1t l\u00f5i<\/strong><\/p><ol><li>Ch\u00fang t\u00f4i cam k\u1ebft t\u1ea1o ra m\u1ed9t m\u00f4i tr\u01b0\u1eddng h\u1ecdc t\u1eadp an to\u00e0n, h\u1ed7 tr\u1ee3 v\u00e0 th\u00e2n thi\u1ec7n.<\/li><li>Ch\u00fang t\u00f4i n\u0103ng \u0111\u1ed9ng, c\u00f3 tr\u00ecnh \u0111\u1ed9 chuy\u00ean m\u00f4n cao v\u00e0 s\u00e1ng t\u1ea1o \u0111\u1ec3 cung c\u1ea5p d\u1ecbch v\u1ee5 t\u1ed1t nh\u1ea5t cho ng\u01b0\u1eddi d\u00f9ng.<\/li><li>Ch\u00fang t\u00f4i th\u00fac \u0111\u1ea9y m\u00f4i tr\u01b0\u1eddng h\u1ecdc t\u1eadp v\u00e0 l\u00e0m vi\u1ec7c c\u1edfi m\u1edf v\u00e0 h\u1ee3p t\u00e1c.<\/li><li>Ch\u00fang t\u00f4i cam k\u1ebft cung c\u1ea5p c\u00e1c ngu\u1ed3n th\u00f4ng tin v\u00e0 d\u1ecbch v\u1ee5 \u0111\u00e1ng tin c\u1eady v\u00e0 ch\u1ea5t l\u01b0\u1ee3ng.<\/li><\/ol>\t\t\t\t\t\t\t\t<\/div>\n\t\t\t\t<\/div>\n\t\t\t\t\t<\/div>\n\t\t<\/div>\n\t\t\t\t<div class=\"elementor-column elementor-col-50 elementor-top-column elementor-element elementor-element-e3ab37a\" data-id=\"e3ab37a\" data-element_type=\"column\">\n\t\t\t<div class=\"elementor-widget-wrap elementor-element-populated\">\n\t\t\t\t\t\t<div class=\"elementor-element elementor-element-80b79c8 elementor-widget elementor-widget-video\" data-id=\"80b79c8\" data-element_type=\"widget\" data-settings=\"{&quot;youtube_url&quot;:&quot;https:\\\/\\\/youtu.be\\\/dFx2sVRZp6Y?si=4XsRvjBntPtXYnAS&quot;,&quot;video_type&quot;:&quot;youtube&quot;,&quot;controls&quot;:&quot;yes&quot;}\" data-widget_type=\"video.default\">\n\t\t\t\t<div class=\"elementor-widget-container\">\n\t\t\t\t\t\t\t<div class=\"elementor-wrapper elementor-open-inline\">\n\t\t\t<div class=\"elementor-video\"><\/div>\t\t<\/div>\n\t\t\t\t\t\t<\/div>\n\t\t\t\t<\/div>\n\t\t\t\t\t<\/div>\n\t\t<\/div>\n\t\t\t\t\t<\/div>\n\t\t<\/section>\n\t\t\t\t<\/div>\n\t\t","protected":false},"excerpt":{"rendered":"<p>UFM Library l\u00e0 tr\u00e1i tim c\u1ee7a Tr\u01b0\u1eddng trong vi\u1ec7c cung c\u1ea5p cho ng\u01b0\u1eddi d\u00f9ng quy\u1ec1n truy c\u1eadp v\u00e0o c\u00e1c d\u1ecbch v\u1ee5 s\u00e1ng t\u1ea1o, ngu\u1ed3n th\u00f4ng tin phong ph\u00fa v\u00e0 c\u00e1c ti\u1ec7n \u00edch ti\u00ean ti\u1ebfn \u0111\u1ec3 n\u00e2ng cao n\u0103ng l\u1ef1c h\u1ecdc t\u1eadp, gi\u1ea3ng d\u1ea1y v\u00e0 nghi\u00ean c\u1ee9u c\u1ee7a Tr\u01b0\u1eddng. Th\u01b0 vi\u1ec7n s\u1ebd l\u00e0 m\u00f4 h\u00ecnh ti\u00ean [&hellip;]<\/p>\n","protected":false},"author":1,"featured_media":0,"parent":0,"menu_order":0,"comment_status":"closed","ping_status":"closed","template":"","meta":{"_acf_changed":false,"_bbp_topic_count":0,"_bbp_reply_count":0,"_bbp_total_topic_count":0,"_bbp_total_reply_count":0,"_bbp_voice_count":0,"_bbp_anonymous_reply_count":0,"_bbp_topic_count_hidden":0,"_bbp_reply_count_hidden":0,"_bbp_forum_subforum_count":0,"footnotes":""},"class_list":["post-9591","page","type-page","status-publish","hentry","no-post-thumbnail"],"acf":[],"_links":{"self":[{"href":"https:\/\/knowledgebase.io.vn\/demo\/wp-json\/wp\/v2\/pages\/9591","targetHints":{"allow":["GET"]}}],"collection":[{"href":"https:\/\/knowledgebase.io.vn\/demo\/wp-json\/wp\/v2\/pages"}],"about":[{"href":"https:\/\/knowledgebase.io.vn\/demo\/wp-json\/wp\/v2\/types\/page"}],"author":[{"embeddable":true,"href":"https:\/\/knowledgebase.io.vn\/demo\/wp-json\/wp\/v2\/users\/1"}],"replies":[{"embeddable":true,"href":"https:\/\/knowledgebase.io.vn\/demo\/wp-json\/wp\/v2\/comments?post=9591"}],"version-history":[{"count":6,"href":"https:\/\/knowledgebase.io.vn\/demo\/wp-json\/wp\/v2\/pages\/9591\/revisions"}],"predecessor-version":[{"id":9597,"href":"https:\/\/knowledgebase.io.vn\/demo\/wp-json\/wp\/v2\/pages\/9591\/revisions\/9597"}],"wp:attachment":[{"href":"https:\/\/knowledgebase.io.vn\/demo\/wp-json\/wp\/v2\/media?parent=9591"}],"curies":[{"name":"wp","href":"https:\/\/api.w.org\/{rel}","templated":true}]}}