{"id":9656,"date":"2024-08-26T15:13:55","date_gmt":"2024-08-26T08:13:55","guid":{"rendered":"https:\/\/knowledgebase.io.vn\/demo\/?page_id=9656"},"modified":"2025-02-28T09:20:42","modified_gmt":"2025-02-28T02:20:42","slug":"dashboard","status":"publish","type":"page","link":"https:\/\/knowledgebase.io.vn\/demo\/dashboard\/","title":{"rendered":"B\u1ea3ng \u0111i\u1ec1u khi\u1ec3n"},"content":{"rendered":"\t\t<div data-elementor-type=\"wp-page\" data-elementor-id=\"9656\" class=\"elementor elementor-9656\" data-elementor-post-type=\"page\">\n\t\t\t\t\t\t<section class=\"elementor-section elementor-top-section elementor-element elementor-element-24245fa elementor-section-full_width elementor-section-content-middle elementor-reverse-mobile elementor-section-height-default elementor-section-height-default\" data-id=\"24245fa\" data-element_type=\"section\">\n\t\t\t\t\t\t<div class=\"elementor-container elementor-column-gap-default\">\n\t\t\t\t\t<div class=\"elementor-column elementor-col-50 elementor-top-column elementor-element elementor-element-d542b79\" data-id=\"d542b79\" data-element_type=\"column\" data-settings=\"{&quot;background_background&quot;:&quot;classic&quot;}\">\n\t\t\t<div class=\"elementor-widget-wrap\">\n\t\t\t\t\t\t\t<\/div>\n\t\t<\/div>\n\t\t\t\t<div class=\"elementor-column elementor-col-50 elementor-top-column elementor-element elementor-element-a0b4baa\" data-id=\"a0b4baa\" data-element_type=\"column\">\n\t\t\t<div class=\"elementor-widget-wrap\">\n\t\t\t\t\t\t\t<\/div>\n\t\t<\/div>\n\t\t\t\t\t<\/div>\n\t\t<\/section>\n\t\t\t\t<section class=\"elementor-section elementor-top-section elementor-element elementor-element-b5a83f1 elementor-section-content-middle cauhoi elementor-section-boxed elementor-section-height-default elementor-section-height-default\" data-id=\"b5a83f1\" data-element_type=\"section\">\n\t\t\t\t\t\t<div class=\"elementor-container elementor-column-gap-default\">\n\t\t\t\t\t<div class=\"elementor-column elementor-col-33 elementor-top-column elementor-element elementor-element-af59c58\" data-id=\"af59c58\" data-element_type=\"column\">\n\t\t\t<div class=\"elementor-widget-wrap elementor-element-populated\">\n\t\t\t\t\t\t<div class=\"elementor-element elementor-element-e5fa615 elementor-widget elementor-widget-heading\" data-id=\"e5fa615\" data-element_type=\"widget\" data-widget_type=\"heading.default\">\n\t\t\t\t<div class=\"elementor-widget-container\">\n\t\t\t\t\t<h2 class=\"elementor-heading-title elementor-size-default\">B\u1ea1n ch\u01b0a c\u00f3 t\u00e0i kho\u1ea3n?<\/h2>\t\t\t\t<\/div>\n\t\t\t\t<\/div>\n\t\t\t\t\t<\/div>\n\t\t<\/div>\n\t\t\t\t<div class=\"elementor-column elementor-col-66 elementor-top-column elementor-element elementor-element-cf8ec53\" data-id=\"cf8ec53\" data-element_type=\"column\">\n\t\t\t<div class=\"elementor-widget-wrap elementor-element-populated\">\n\t\t\t\t\t\t<div class=\"elementor-element elementor-element-69d5d79 elementor-widget elementor-widget-text-editor\" data-id=\"69d5d79\" data-element_type=\"widget\" data-widget_type=\"text-editor.default\">\n\t\t\t\t<div class=\"elementor-widget-container\">\n\t\t\t\t\t\t\t\t\t<p><span style=\"letter-spacing: 0.15px; text-align: center;\">Nh\u1ea5n &#8220;\u0110\u0103ng k\u00fd ph\u00f2ng&#8221; tr\u00ean menu \u0111\u1ec3 \u0111\u1eb7t ph\u00f2ng v\u00e0 \u0111\u0103ng k\u00fd. T\u00e0i kho\u1ea3n d\u01b0\u1ee3c d\u00f9ng cho \u0111\u0103ng k\u00fd l\u1ea7n sau, ki\u1ec3m tra tr\u1ea1ng th\u00e1i \u0111\u1eb7t, h\u1ee7y ph\u00f2ng.<\/span><\/p>\t\t\t\t\t\t\t\t<\/div>\n\t\t\t\t<\/div>\n\t\t\t\t\t<\/div>\n\t\t<\/div>\n\t\t\t\t\t<\/div>\n\t\t<\/section>\n\t\t\t\t<section class=\"elementor-section elementor-top-section elementor-element elementor-element-0db8fe9 elementor-section-boxed elementor-section-height-default elementor-section-height-default\" data-id=\"0db8fe9\" data-element_type=\"section\">\n\t\t\t\t\t\t<div class=\"elementor-container elementor-column-gap-default\">\n\t\t\t\t\t<div class=\"elementor-column elementor-col-100 elementor-top-column elementor-element elementor-element-c44b650\" data-id=\"c44b650\" data-element_type=\"column\">\n\t\t\t<div class=\"elementor-widget-wrap elementor-element-populated\">\n\t\t\t\t\t\t<div class=\"elementor-element elementor-element-f384e7d elementor-widget elementor-widget-shortcode\" data-id=\"f384e7d\" data-element_type=\"widget\" data-widget_type=\"shortcode.default\">\n\t\t\t\t<div class=\"elementor-widget-container\">\n\t\t\t\t\t\t\t<div class=\"elementor-shortcode\"><div class=\"latepoint-w\">\n\t<div class=\"os-form-w latepoint-login-form-w\">\n\t\t<h4>\u0110\u0103ng nh\u1eadp t\u00e0i kho\u1ea3n \u0111\u1eb7t ph\u00f2ng h\u1ecdp nh\u00f3m<\/h4>\n\t\t<form action=\"\" data-os-action=\"customer_cabinet__do_login\" data-os-success-action=\"redirect\">\n\t\t\t<div class =\"os-form-group os-form-textfield-group os-form-group-transparent\" ><label for=\"customer_login_email\">Email UFM (*@sv.ufm.edu.vn)<\/label><input  type=\"text\" placeholder=\"Email UFM (*@sv.ufm.edu.vn)\" name=\"customer_login[email]\" value=\"\" id=\"customer_login_email\" class=\"os-form-control\" \/><\/div>\t\t\t<div class=\"os-form-group os-form-textfield-group os-form-group-transparent\" ><label for=\"customer_login_password\">M\u1eadt kh\u1ea9u<\/label><input type=\"password\" placeholder=\"M\u1eadt kh\u1ea9u\" name=\"customer_login[password]\" value=\"\" id=\"customer_login_password\" class=\"os-form-control\" \/><\/div>\t\t\t<div class=\"os-form-buttons os-flex\">\n\t\t\t\t<div class=\"os-form-group\"><button type=\"submit\" name=\"submit\" class=\"latepoint-btn\" id=\"submit\" >\u0110\u0103ng nh\u1eadp<\/button><\/div>\t\t\t\t<a href=\"#\" class=\"latepoint-btn latepoint-btn-primary latepoint-btn-link\" data-os-action=\"customer_cabinet__request_password_reset_token\" data-os-output-target=\".latepoint-login-form-w\">Qu\u00ean m\u1eadt kh\u1ea9u?<\/a>\n\t\t\t<\/div>\n\t\t\t\t\t<\/form>\n\t<\/div>\n<\/div><\/div>\n\t\t\t\t\t\t<\/div>\n\t\t\t\t<\/div>\n\t\t\t\t\t<\/div>\n\t\t<\/div>\n\t\t\t\t\t<\/div>\n\t\t<\/section>\n\t\t\t\t<section class=\"elementor-section elementor-top-section elementor-element elementor-element-61d8cdf elementor-section-boxed elementor-section-height-default elementor-section-height-default\" data-id=\"61d8cdf\" data-element_type=\"section\">\n\t\t\t\t\t\t<div class=\"elementor-container elementor-column-gap-default\">\n\t\t\t\t\t<div class=\"elementor-column elementor-col-100 elementor-top-column elementor-element elementor-element-79e4d8c\" data-id=\"79e4d8c\" data-element_type=\"column\">\n\t\t\t<div class=\"elementor-widget-wrap elementor-element-populated\">\n\t\t\t\t\t\t<div class=\"elementor-element elementor-element-9e4b290 elementor-widget elementor-widget-html\" data-id=\"9e4b290\" data-element_type=\"widget\" data-widget_type=\"html.default\">\n\t\t\t\t<div class=\"elementor-widget-container\">\n\t\t\t\t\t<script>\r\ndocument.addEventListener(\"DOMContentLoaded\", function() {\r\n    var latepointDiv = document.querySelector('.latepoint-w');\r\n    var tabsDiv = latepointDiv ? latepointDiv.querySelector('.latepoint-tabs-w') : null;\r\n\r\n    if (tabsDiv) {\r\n        var sectionToHide = document.querySelector('section.cauhoi');\r\n        if (sectionToHide) {\r\n            sectionToHide.style.display = 'none';\r\n        }\r\n    }\r\n});\r\n<\/script>\r\n\t\t\t\t<\/div>\n\t\t\t\t<\/div>\n\t\t\t\t\t<\/div>\n\t\t<\/div>\n\t\t\t\t\t<\/div>\n\t\t<\/section>\n\t\t\t\t<section class=\"elementor-section elementor-top-section elementor-element elementor-element-daccee6 elementor-section-boxed elementor-section-height-default elementor-section-height-default\" data-id=\"daccee6\" data-element_type=\"section\">\n\t\t\t\t\t\t<div class=\"elementor-container elementor-column-gap-default\">\n\t\t\t\t\t<div class=\"elementor-column elementor-col-100 elementor-top-column elementor-element elementor-element-d8c50e1\" data-id=\"d8c50e1\" data-element_type=\"column\">\n\t\t\t<div class=\"elementor-widget-wrap elementor-element-populated\">\n\t\t\t\t\t\t<div class=\"elementor-element elementor-element-c6d7bec elementor-widget elementor-widget-text-editor\" data-id=\"c6d7bec\" data-element_type=\"widget\" data-widget_type=\"text-editor.default\">\n\t\t\t\t<div class=\"elementor-widget-container\">\n\t\t\t\t\t\t\t\t\t<p>C\u1ea7n h\u1ed7 tr\u1ee3, vui l\u00f2ng li\u00ean h\u1ec7 Th\u01b0 vi\u1ec7n qua Fanpage: UFM Library ho\u1eb7c li\u00ean h\u1ec7 tr\u1ef1c ti\u1ebfp t\u1ea1i Qu\u1ea7y th\u00f4ng tin c\u00e1c c\u01a1 s\u1edf. UFM Library r\u1ea5t h\u00e2n h\u1ea1nh \u0111\u01b0\u1ee3c ph\u1ee5c v\u1ee5 b\u1ea1n.&nbsp;<\/p>\t\t\t\t\t\t\t\t<\/div>\n\t\t\t\t<\/div>\n\t\t\t\t\t<\/div>\n\t\t<\/div>\n\t\t\t\t\t<\/div>\n\t\t<\/section>\n\t\t\t\t<\/div>\n\t\t","protected":false},"excerpt":{"rendered":"<p>B\u1ea1n ch\u01b0a c\u00f3 t\u00e0i kho\u1ea3n? Nh\u1ea5n &#8220;\u0110\u0103ng k\u00fd ph\u00f2ng&#8221; tr\u00ean menu \u0111\u1ec3 \u0111\u1eb7t ph\u00f2ng v\u00e0 \u0111\u0103ng k\u00fd. T\u00e0i kho\u1ea3n d\u01b0\u1ee3c d\u00f9ng cho \u0111\u0103ng k\u00fd l\u1ea7n sau, ki\u1ec3m tra tr\u1ea1ng th\u00e1i \u0111\u1eb7t, h\u1ee7y ph\u00f2ng. C\u1ea7n h\u1ed7 tr\u1ee3, vui l\u00f2ng li\u00ean h\u1ec7 Th\u01b0 vi\u1ec7n qua Fanpage: UFM Library ho\u1eb7c li\u00ean h\u1ec7 tr\u1ef1c ti\u1ebfp t\u1ea1i Qu\u1ea7y th\u00f4ng tin [&hellip;]<\/p>\n","protected":false},"author":1,"featured_media":0,"parent":0,"menu_order":0,"comment_status":"closed","ping_status":"closed","template":"elementor_header_footer","meta":{"_acf_changed":false,"_bbp_topic_count":0,"_bbp_reply_count":0,"_bbp_total_topic_count":0,"_bbp_total_reply_count":0,"_bbp_voice_count":0,"_bbp_anonymous_reply_count":0,"_bbp_topic_count_hidden":0,"_bbp_reply_count_hidden":0,"_bbp_forum_subforum_count":0,"footnotes":""},"class_list":["post-9656","page","type-page","status-publish","hentry","no-post-thumbnail"],"acf":[],"_links":{"self":[{"href":"https:\/\/knowledgebase.io.vn\/demo\/wp-json\/wp\/v2\/pages\/9656","targetHints":{"allow":["GET"]}}],"collection":[{"href":"https:\/\/knowledgebase.io.vn\/demo\/wp-json\/wp\/v2\/pages"}],"about":[{"href":"https:\/\/knowledgebase.io.vn\/demo\/wp-json\/wp\/v2\/types\/page"}],"author":[{"embeddable":true,"href":"https:\/\/knowledgebase.io.vn\/demo\/wp-json\/wp\/v2\/users\/1"}],"replies":[{"embeddable":true,"href":"https:\/\/knowledgebase.io.vn\/demo\/wp-json\/wp\/v2\/comments?post=9656"}],"version-history":[{"count":92,"href":"https:\/\/knowledgebase.io.vn\/demo\/wp-json\/wp\/v2\/pages\/9656\/revisions"}],"predecessor-version":[{"id":10056,"href":"https:\/\/knowledgebase.io.vn\/demo\/wp-json\/wp\/v2\/pages\/9656\/revisions\/10056"}],"wp:attachment":[{"href":"https:\/\/knowledgebase.io.vn\/demo\/wp-json\/wp\/v2\/media?parent=9656"}],"curies":[{"name":"wp","href":"https:\/\/api.w.org\/{rel}","templated":true}]}}